{"id":25,"date":"2021-03-06T19:35:12","date_gmt":"2021-03-06T19:35:12","guid":{"rendered":"https:\/\/dtk-dortmund.de\/?page_id=25"},"modified":"2026-04-16T06:58:01","modified_gmt":"2026-04-16T06:58:01","slug":"vorstand","status":"publish","type":"page","link":"https:\/\/dtk-dortmund.de\/index.php\/vorstand\/","title":{"rendered":"Vorstand"},"content":{"rendered":"\n<p><\/p>\n\n\n\n<p>Vorstand<\/p>\n\n\n\n<figure class=\"wp-block-table\"><table class=\"has-fixed-layout\"><tbody><tr><td class=\"has-text-align-left\" data-align=\"left\">1. Vorsitzender:<br><strong>Magnus Benkhofer<\/strong><br>Tel.: 0231 800795 (abends)<br>magnus.benkhofer@dtk-dortmund.de<\/td><td class=\"has-text-align-left\" data-align=\"left\">2. Vorsitzender:<br><strong>Willi Wagner<\/strong><br>roibock@aol.com<br><\/td><\/tr><tr><td class=\"has-text-align-left\" data-align=\"left\">1. Schriftf\u00fchrerin:<br><strong>Conny Klostermann<\/strong><br>Tel.: 0173 3647997<br>post@dtk-dortmund.de<\/td><td class=\"has-text-align-left\" data-align=\"left\">2. Schriftf\u00fchrerin:<br><strong>Kerstin Hilsmann<\/strong><br><br><br><\/td><\/tr><tr><td class=\"has-text-align-left\" data-align=\"left\">1. Schatzmeister:<br><strong>Detlef M\u00e4hrmann<\/strong><br>info@dtk-dortmund.de<\/td><td class=\"has-text-align-left\" data-align=\"left\">2. Schatzmeisterin:<br><strong>Elke Switay<\/strong><br><\/td><\/tr><tr><td class=\"has-text-align-left\" data-align=\"left\">Obmann f\u00fcr Gebrauch:<br><strong>Dr.<\/strong> <strong>Martin Pieper<\/strong><br>Tel.: 0231 4965800<\/td><td class=\"has-text-align-left\" data-align=\"left\">&nbsp;<\/td><\/tr><tr><td class=\"has-text-align-left\" data-align=\"left\">Ehrenvorsitzender:<br><strong>Karl Lehmhaus<\/strong><br>Tel.: 0231 3578837<\/td><td class=\"has-text-align-left\" data-align=\"left\"><\/td><\/tr><\/tbody><\/table><\/figure>\n","protected":false},"excerpt":{"rendered":"<p>Vorstand 1. Vorsitzender:Magnus BenkhoferTel.: 0231 800795 (abends)magnus.benkhofer@dtk-dortmund.de 2. Vorsitzender:Willi Wagnerroibock@aol.com 1. Schriftf\u00fchrerin:Conny KlostermannTel.: 0173 3647997post@dtk-dortmund.de 2. Schriftf\u00fchrerin:Kerstin Hilsmann 1. Schatzmeister:Detlef M\u00e4hrmanninfo@dtk-dortmund.de 2. Schatzmeisterin:Elke Switay Obmann f\u00fcr Gebrauch:Dr. Martin PieperTel.: 0231 4965800 &nbsp; Ehrenvorsitzender:Karl LehmhausTel.: 0231 3578837<\/p>\n","protected":false},"author":1,"featured_media":0,"parent":0,"menu_order":0,"comment_status":"closed","ping_status":"closed","template":"","meta":{"footnotes":""},"class_list":["post-25","page","type-page","status-publish","czr-hentry"],"yoast_head":"<!-- This site is optimized with the Yoast SEO plugin v27.4 - https:\/\/yoast.com\/product\/yoast-seo-wordpress\/ -->\n<title>Vorstand - DTK Dortmund 1 e.V.<\/title>\n<meta name=\"robots\" content=\"noindex, follow\" \/>\n<meta property=\"og:locale\" content=\"de_DE\" \/>\n<meta property=\"og:type\" content=\"article\" \/>\n<meta property=\"og:title\" content=\"Vorstand - DTK Dortmund 1 e.V.\" \/>\n<meta property=\"og:description\" content=\"Vorstand 1. Vorsitzender:Magnus BenkhoferTel.: 0231 800795 (abends)magnus.benkhofer@dtk-dortmund.de 2. Vorsitzender:Willi Wagnerroibock@aol.com 1. Schriftf\u00fchrerin:Conny KlostermannTel.: 0173 3647997post@dtk-dortmund.de 2. Schriftf\u00fchrerin:Kerstin Hilsmann 1. Schatzmeister:Detlef M\u00e4hrmanninfo@dtk-dortmund.de 2. Schatzmeisterin:Elke Switay Obmann f\u00fcr Gebrauch:Dr. Martin PieperTel.: 0231 4965800 &nbsp; Ehrenvorsitzender:Karl LehmhausTel.: 0231 3578837\" \/>\n<meta property=\"og:url\" content=\"https:\/\/dtk-dortmund.de\/index.php\/vorstand\/\" \/>\n<meta property=\"og:site_name\" content=\"DTK Dortmund 1 e.V.\" \/>\n<meta property=\"article:modified_time\" content=\"2026-04-16T06:58:01+00:00\" \/>\n<meta name=\"twitter:card\" content=\"summary_large_image\" \/>\n<meta name=\"twitter:label1\" content=\"Gesch\u00e4tzte Lesezeit\" \/>\n\t<meta name=\"twitter:data1\" content=\"1\u00a0Minute\" \/>\n<script type=\"application\/ld+json\" class=\"yoast-schema-graph\">{\"@context\":\"https:\\\/\\\/schema.org\",\"@graph\":[{\"@type\":\"WebPage\",\"@id\":\"https:\\\/\\\/dtk-dortmund.de\\\/index.php\\\/vorstand\\\/\",\"url\":\"https:\\\/\\\/dtk-dortmund.de\\\/index.php\\\/vorstand\\\/\",\"name\":\"Vorstand - DTK Dortmund 1 e.V.\",\"isPartOf\":{\"@id\":\"https:\\\/\\\/dtk-dortmund.de\\\/#website\"},\"datePublished\":\"2021-03-06T19:35:12+00:00\",\"dateModified\":\"2026-04-16T06:58:01+00:00\",\"breadcrumb\":{\"@id\":\"https:\\\/\\\/dtk-dortmund.de\\\/index.php\\\/vorstand\\\/#breadcrumb\"},\"inLanguage\":\"de\",\"potentialAction\":[{\"@type\":\"ReadAction\",\"target\":[\"https:\\\/\\\/dtk-dortmund.de\\\/index.php\\\/vorstand\\\/\"]}]},{\"@type\":\"BreadcrumbList\",\"@id\":\"https:\\\/\\\/dtk-dortmund.de\\\/index.php\\\/vorstand\\\/#breadcrumb\",\"itemListElement\":[{\"@type\":\"ListItem\",\"position\":1,\"name\":\"Startseite\",\"item\":\"https:\\\/\\\/dtk-dortmund.de\\\/\"},{\"@type\":\"ListItem\",\"position\":2,\"name\":\"Vorstand\"}]},{\"@type\":\"WebSite\",\"@id\":\"https:\\\/\\\/dtk-dortmund.de\\\/#website\",\"url\":\"https:\\\/\\\/dtk-dortmund.de\\\/\",\"name\":\"DTK Dortmund 1 e.V.\",\"description\":\"Gruppe Dortmund 1 e.V. im Deutschen Teckelklub. Gegr\u00fcndet 1921.\",\"publisher\":{\"@id\":\"https:\\\/\\\/dtk-dortmund.de\\\/#organization\"},\"potentialAction\":[{\"@type\":\"SearchAction\",\"target\":{\"@type\":\"EntryPoint\",\"urlTemplate\":\"https:\\\/\\\/dtk-dortmund.de\\\/?s={search_term_string}\"},\"query-input\":{\"@type\":\"PropertyValueSpecification\",\"valueRequired\":true,\"valueName\":\"search_term_string\"}}],\"inLanguage\":\"de\"},{\"@type\":\"Organization\",\"@id\":\"https:\\\/\\\/dtk-dortmund.de\\\/#organization\",\"name\":\"DTK Dortmund 1 e.V.\",\"url\":\"https:\\\/\\\/dtk-dortmund.de\\\/\",\"logo\":{\"@type\":\"ImageObject\",\"inLanguage\":\"de\",\"@id\":\"https:\\\/\\\/dtk-dortmund.de\\\/#\\\/schema\\\/logo\\\/image\\\/\",\"url\":\"https:\\\/\\\/dtk-dortmund.de\\\/wp-content\\\/uploads\\\/2023\\\/07\\\/cropped-cropped-cropped-DTKDOSymbol_250-1.png\",\"contentUrl\":\"https:\\\/\\\/dtk-dortmund.de\\\/wp-content\\\/uploads\\\/2023\\\/07\\\/cropped-cropped-cropped-DTKDOSymbol_250-1.png\",\"width\":250,\"height\":250,\"caption\":\"DTK Dortmund 1 e.V.\"},\"image\":{\"@id\":\"https:\\\/\\\/dtk-dortmund.de\\\/#\\\/schema\\\/logo\\\/image\\\/\"}}]}<\/script>\n<!-- \/ Yoast SEO plugin. -->","yoast_head_json":{"title":"Vorstand - DTK Dortmund 1 e.V.","robots":{"index":"noindex","follow":"follow"},"og_locale":"de_DE","og_type":"article","og_title":"Vorstand - DTK Dortmund 1 e.V.","og_description":"Vorstand 1. Vorsitzender:Magnus BenkhoferTel.: 0231 800795 (abends)magnus.benkhofer@dtk-dortmund.de 2. Vorsitzender:Willi Wagnerroibock@aol.com 1. Schriftf\u00fchrerin:Conny KlostermannTel.: 0173 3647997post@dtk-dortmund.de 2. Schriftf\u00fchrerin:Kerstin Hilsmann 1. Schatzmeister:Detlef M\u00e4hrmanninfo@dtk-dortmund.de 2. Schatzmeisterin:Elke Switay Obmann f\u00fcr Gebrauch:Dr. Martin PieperTel.: 0231 4965800 &nbsp; Ehrenvorsitzender:Karl LehmhausTel.: 0231 3578837","og_url":"https:\/\/dtk-dortmund.de\/index.php\/vorstand\/","og_site_name":"DTK Dortmund 1 e.V.","article_modified_time":"2026-04-16T06:58:01+00:00","twitter_card":"summary_large_image","twitter_misc":{"Gesch\u00e4tzte Lesezeit":"1\u00a0Minute"},"schema":{"@context":"https:\/\/schema.org","@graph":[{"@type":"WebPage","@id":"https:\/\/dtk-dortmund.de\/index.php\/vorstand\/","url":"https:\/\/dtk-dortmund.de\/index.php\/vorstand\/","name":"Vorstand - DTK Dortmund 1 e.V.","isPartOf":{"@id":"https:\/\/dtk-dortmund.de\/#website"},"datePublished":"2021-03-06T19:35:12+00:00","dateModified":"2026-04-16T06:58:01+00:00","breadcrumb":{"@id":"https:\/\/dtk-dortmund.de\/index.php\/vorstand\/#breadcrumb"},"inLanguage":"de","potentialAction":[{"@type":"ReadAction","target":["https:\/\/dtk-dortmund.de\/index.php\/vorstand\/"]}]},{"@type":"BreadcrumbList","@id":"https:\/\/dtk-dortmund.de\/index.php\/vorstand\/#breadcrumb","itemListElement":[{"@type":"ListItem","position":1,"name":"Startseite","item":"https:\/\/dtk-dortmund.de\/"},{"@type":"ListItem","position":2,"name":"Vorstand"}]},{"@type":"WebSite","@id":"https:\/\/dtk-dortmund.de\/#website","url":"https:\/\/dtk-dortmund.de\/","name":"DTK Dortmund 1 e.V.","description":"Gruppe Dortmund 1 e.V. im Deutschen Teckelklub. Gegr\u00fcndet 1921.","publisher":{"@id":"https:\/\/dtk-dortmund.de\/#organization"},"potentialAction":[{"@type":"SearchAction","target":{"@type":"EntryPoint","urlTemplate":"https:\/\/dtk-dortmund.de\/?s={search_term_string}"},"query-input":{"@type":"PropertyValueSpecification","valueRequired":true,"valueName":"search_term_string"}}],"inLanguage":"de"},{"@type":"Organization","@id":"https:\/\/dtk-dortmund.de\/#organization","name":"DTK Dortmund 1 e.V.","url":"https:\/\/dtk-dortmund.de\/","logo":{"@type":"ImageObject","inLanguage":"de","@id":"https:\/\/dtk-dortmund.de\/#\/schema\/logo\/image\/","url":"https:\/\/dtk-dortmund.de\/wp-content\/uploads\/2023\/07\/cropped-cropped-cropped-DTKDOSymbol_250-1.png","contentUrl":"https:\/\/dtk-dortmund.de\/wp-content\/uploads\/2023\/07\/cropped-cropped-cropped-DTKDOSymbol_250-1.png","width":250,"height":250,"caption":"DTK Dortmund 1 e.V."},"image":{"@id":"https:\/\/dtk-dortmund.de\/#\/schema\/logo\/image\/"}}]}},"_links":{"self":[{"href":"https:\/\/dtk-dortmund.de\/index.php\/wp-json\/wp\/v2\/pages\/25","targetHints":{"allow":["GET"]}}],"collection":[{"href":"https:\/\/dtk-dortmund.de\/index.php\/wp-json\/wp\/v2\/pages"}],"about":[{"href":"https:\/\/dtk-dortmund.de\/index.php\/wp-json\/wp\/v2\/types\/page"}],"author":[{"embeddable":true,"href":"https:\/\/dtk-dortmund.de\/index.php\/wp-json\/wp\/v2\/users\/1"}],"replies":[{"embeddable":true,"href":"https:\/\/dtk-dortmund.de\/index.php\/wp-json\/wp\/v2\/comments?post=25"}],"version-history":[{"count":32,"href":"https:\/\/dtk-dortmund.de\/index.php\/wp-json\/wp\/v2\/pages\/25\/revisions"}],"predecessor-version":[{"id":4317,"href":"https:\/\/dtk-dortmund.de\/index.php\/wp-json\/wp\/v2\/pages\/25\/revisions\/4317"}],"wp:attachment":[{"href":"https:\/\/dtk-dortmund.de\/index.php\/wp-json\/wp\/v2\/media?parent=25"}],"curies":[{"name":"wp","href":"https:\/\/api.w.org\/{rel}","templated":true}]}}