{"id":2557,"date":"2024-02-27T09:42:24","date_gmt":"2024-02-27T09:42:24","guid":{"rendered":"https:\/\/dtk-dortmund.de\/?page_id=2557"},"modified":"2026-02-23T15:21:30","modified_gmt":"2026-02-23T15:21:30","slug":"zuechter-und-deckrueden","status":"publish","type":"page","link":"https:\/\/dtk-dortmund.de\/index.php\/zuechter-und-deckrueden\/","title":{"rendered":"Z\u00fcchter und Deckr\u00fcden"},"content":{"rendered":"\n<h2 class=\"wp-block-heading\">Z\u00fcchter unserer Gruppe:<\/h2>\n\n\n\n<div class=\"wp-block-media-text is-stacked-on-mobile\"><figure class=\"wp-block-media-text__media\"><a href=\"https:\/\/dackel-bochum.de\/\"><img loading=\"lazy\" decoding=\"async\" width=\"1024\" height=\"471\" src=\"https:\/\/dtk-dortmund.de\/wp-content\/uploads\/2025\/11\/Dackel-aus-dem-Hause-Hoentrop.jpg\" alt=\"\" class=\"wp-image-4149 size-full\" srcset=\"https:\/\/dtk-dortmund.de\/wp-content\/uploads\/2025\/11\/Dackel-aus-dem-Hause-Hoentrop.jpg 1024w, https:\/\/dtk-dortmund.de\/wp-content\/uploads\/2025\/11\/Dackel-aus-dem-Hause-Hoentrop-300x138.jpg 300w, https:\/\/dtk-dortmund.de\/wp-content\/uploads\/2025\/11\/Dackel-aus-dem-Hause-Hoentrop-768x353.jpg 768w\" sizes=\"auto, (max-width: 1024px) 100vw, 1024px\" \/><\/a><\/figure><div class=\"wp-block-media-text__content\">\n<p><strong><a href=\"https:\/\/dackel-bochum.de\/\">Dackel aus dem Hause H\u00f6ntrop<\/a><\/strong><\/p>\n<\/div><\/div>\n\n\n\n<hr class=\"wp-block-separator has-alpha-channel-opacity\"\/>\n\n\n\n<div class=\"wp-block-media-text has-media-on-the-right is-stacked-on-mobile\"><div class=\"wp-block-media-text__content\">\n<p><a href=\"https:\/\/vomrauhenkamp.dtk-dortmund.de\/\"><strong>vom rauhen Kamp<\/strong><\/a><\/p>\n\n\n\n<p><\/p>\n<\/div><figure class=\"wp-block-media-text__media\"><a href=\"https:\/\/vomrauhenkamp.dtk-dortmund.de\/\"><img loading=\"lazy\" decoding=\"async\" width=\"931\" height=\"428\" src=\"https:\/\/dtk-dortmund.de\/wp-content\/uploads\/2025\/11\/Screenshot-2025-11-23-195155.jpg\" alt=\"\" class=\"wp-image-4170 size-full\" srcset=\"https:\/\/dtk-dortmund.de\/wp-content\/uploads\/2025\/11\/Screenshot-2025-11-23-195155.jpg 931w, https:\/\/dtk-dortmund.de\/wp-content\/uploads\/2025\/11\/Screenshot-2025-11-23-195155-300x138.jpg 300w, https:\/\/dtk-dortmund.de\/wp-content\/uploads\/2025\/11\/Screenshot-2025-11-23-195155-768x353.jpg 768w\" sizes=\"auto, (max-width: 931px) 100vw, 931px\" \/><\/a><\/figure><\/div>\n\n\n\n<hr class=\"wp-block-separator has-alpha-channel-opacity\"\/>\n\n\n\n<div class=\"wp-block-media-text is-stacked-on-mobile\"><figure class=\"wp-block-media-text__media\"><a href=\"https:\/\/vombaeckersaeckel.jimdofree.com\/\"><img loading=\"lazy\" decoding=\"async\" width=\"1024\" height=\"471\" src=\"https:\/\/dtk-dortmund.de\/wp-content\/uploads\/2024\/04\/Screenshot-2024-04-23-145908-1024x471.png\" alt=\"\" class=\"wp-image-2755 size-full\" srcset=\"https:\/\/dtk-dortmund.de\/wp-content\/uploads\/2024\/04\/Screenshot-2024-04-23-145908-1024x471.png 1024w, https:\/\/dtk-dortmund.de\/wp-content\/uploads\/2024\/04\/Screenshot-2024-04-23-145908-300x138.png 300w, https:\/\/dtk-dortmund.de\/wp-content\/uploads\/2024\/04\/Screenshot-2024-04-23-145908-768x353.png 768w, https:\/\/dtk-dortmund.de\/wp-content\/uploads\/2024\/04\/Screenshot-2024-04-23-145908.png 1116w\" sizes=\"auto, (max-width: 1024px) 100vw, 1024px\" \/><\/a><\/figure><div class=\"wp-block-media-text__content\">\n<p><a href=\"https:\/\/vombaeckersaeckel.jimdofree.com\/\"><strong>vom B\u00e4ckers\u00e4ckel<\/strong><\/a><\/p>\n<\/div><\/div>\n\n\n\n<hr class=\"wp-block-separator has-alpha-channel-opacity\"\/>\n\n\n\n<h2 class=\"wp-block-heading\">Deckr\u00fcden unserer Gruppe:<\/h2>\n\n\n\n<div class=\"wp-block-media-text has-media-on-the-right is-stacked-on-mobile\"><div class=\"wp-block-media-text__content\">\n<p><a href=\"https:\/\/kalle.dtk-dortmund.de\/\"><strong>Kalle jr. von Muhlenheim<\/strong><\/a><\/p>\n<\/div><figure class=\"wp-block-media-text__media\"><a href=\"https:\/\/kalle.dtk-dortmund.de\/\"><img loading=\"lazy\" decoding=\"async\" width=\"929\" height=\"427\" src=\"https:\/\/dtk-dortmund.de\/wp-content\/uploads\/2025\/11\/Screenshot-2025-11-23-195319.jpg\" alt=\"\" class=\"wp-image-4171 size-full\" srcset=\"https:\/\/dtk-dortmund.de\/wp-content\/uploads\/2025\/11\/Screenshot-2025-11-23-195319.jpg 929w, https:\/\/dtk-dortmund.de\/wp-content\/uploads\/2025\/11\/Screenshot-2025-11-23-195319-300x138.jpg 300w, https:\/\/dtk-dortmund.de\/wp-content\/uploads\/2025\/11\/Screenshot-2025-11-23-195319-768x353.jpg 768w\" sizes=\"auto, (max-width: 929px) 100vw, 929px\" \/><\/a><\/figure><\/div>\n\n\n\n<hr class=\"wp-block-separator has-alpha-channel-opacity\"\/>\n\n\n\n<div class=\"wp-block-media-text is-stacked-on-mobile\"><figure class=\"wp-block-media-text__media\"><a href=\"https:\/\/dtk-dortmund.de\/wp-content\/uploads\/2026\/02\/WhatsApp-Image-2026-02-23-at-13.01.13.jpeg\"><img loading=\"lazy\" decoding=\"async\" width=\"1024\" height=\"471\" src=\"https:\/\/dtk-dortmund.de\/wp-content\/uploads\/2026\/02\/Bosse01.jpg\" alt=\"\" class=\"wp-image-4289 size-full\" srcset=\"https:\/\/dtk-dortmund.de\/wp-content\/uploads\/2026\/02\/Bosse01.jpg 1024w, https:\/\/dtk-dortmund.de\/wp-content\/uploads\/2026\/02\/Bosse01-300x138.jpg 300w, https:\/\/dtk-dortmund.de\/wp-content\/uploads\/2026\/02\/Bosse01-768x353.jpg 768w\" sizes=\"auto, (max-width: 1024px) 100vw, 1024px\" \/><\/a><\/figure><div class=\"wp-block-media-text__content\">\n<p><a href=\"https:\/\/dtk-dortmund.de\/wp-content\/uploads\/2026\/02\/WhatsApp-Image-2026-02-23-at-13.01.13.jpeg\"><strong>Browning vom J\u00e4gerinnenhof FCI (gen. Bosse)<\/strong><\/a><\/p>\n<\/div><\/div>\n\n\n\n<hr class=\"wp-block-separator has-alpha-channel-opacity\"\/>\n\n\n\n<p>Diese Seite ist noch im Aufbau. Wenn ihr auch eine Seite f\u00fcr eure Teckelzucht oder Deckr\u00fcden haben m\u00f6chtet: kurze Mail an info@dtk-dortmund.de<\/p>\n\n\n\n<p><\/p>\n","protected":false},"excerpt":{"rendered":"<p>Z\u00fcchter unserer Gruppe: Dackel aus dem Hause H\u00f6ntrop vom rauhen Kamp vom B\u00e4ckers\u00e4ckel Deckr\u00fcden unserer Gruppe: Kalle jr. von Muhlenheim Browning vom J\u00e4gerinnenhof FCI (gen. Bosse) Diese Seite ist noch im Aufbau. Wenn ihr auch eine Seite f\u00fcr eure Teckelzucht oder Deckr\u00fcden haben m\u00f6chtet: kurze Mail an info@dtk-dortmund.de<\/p>\n","protected":false},"author":1,"featured_media":0,"parent":0,"menu_order":0,"comment_status":"closed","ping_status":"closed","template":"","meta":{"footnotes":""},"class_list":["post-2557","page","type-page","status-publish","czr-hentry"],"yoast_head":"<!-- This site is optimized with the Yoast SEO plugin v27.4 - https:\/\/yoast.com\/product\/yoast-seo-wordpress\/ -->\n<title>Z\u00fcchter und Deckr\u00fcden - DTK Dortmund 1 e.V.<\/title>\n<meta name=\"robots\" content=\"index, follow, max-snippet:-1, max-image-preview:large, max-video-preview:-1\" \/>\n<link rel=\"canonical\" href=\"https:\/\/dtk-dortmund.de\/index.php\/zuechter-und-deckrueden\/\" \/>\n<meta property=\"og:locale\" content=\"de_DE\" \/>\n<meta property=\"og:type\" content=\"article\" \/>\n<meta property=\"og:title\" content=\"Z\u00fcchter und Deckr\u00fcden - DTK Dortmund 1 e.V.\" \/>\n<meta property=\"og:description\" content=\"Z\u00fcchter unserer Gruppe: Dackel aus dem Hause H\u00f6ntrop vom rauhen Kamp vom B\u00e4ckers\u00e4ckel Deckr\u00fcden unserer Gruppe: Kalle jr. von Muhlenheim Browning vom J\u00e4gerinnenhof FCI (gen. Bosse) Diese Seite ist noch im Aufbau. Wenn ihr auch eine Seite f\u00fcr eure Teckelzucht oder Deckr\u00fcden haben m\u00f6chtet: kurze Mail an info@dtk-dortmund.de\" \/>\n<meta property=\"og:url\" content=\"https:\/\/dtk-dortmund.de\/index.php\/zuechter-und-deckrueden\/\" \/>\n<meta property=\"og:site_name\" content=\"DTK Dortmund 1 e.V.\" \/>\n<meta property=\"article:modified_time\" content=\"2026-02-23T15:21:30+00:00\" \/>\n<meta property=\"og:image\" content=\"https:\/\/dtk-dortmund.de\/wp-content\/uploads\/2025\/11\/Dackel-aus-dem-Hause-Hoentrop.jpg\" \/>\n\t<meta property=\"og:image:width\" content=\"1024\" \/>\n\t<meta property=\"og:image:height\" content=\"471\" \/>\n\t<meta property=\"og:image:type\" content=\"image\/jpeg\" \/>\n<meta name=\"twitter:card\" content=\"summary_large_image\" \/>\n<meta name=\"twitter:label1\" content=\"Gesch\u00e4tzte Lesezeit\" \/>\n\t<meta name=\"twitter:data1\" content=\"2\u00a0Minuten\" \/>\n<script type=\"application\/ld+json\" class=\"yoast-schema-graph\">{\"@context\":\"https:\\\/\\\/schema.org\",\"@graph\":[{\"@type\":\"WebPage\",\"@id\":\"https:\\\/\\\/dtk-dortmund.de\\\/index.php\\\/zuechter-und-deckrueden\\\/\",\"url\":\"https:\\\/\\\/dtk-dortmund.de\\\/index.php\\\/zuechter-und-deckrueden\\\/\",\"name\":\"Z\u00fcchter und Deckr\u00fcden - DTK Dortmund 1 e.V.\",\"isPartOf\":{\"@id\":\"https:\\\/\\\/dtk-dortmund.de\\\/#website\"},\"primaryImageOfPage\":{\"@id\":\"https:\\\/\\\/dtk-dortmund.de\\\/index.php\\\/zuechter-und-deckrueden\\\/#primaryimage\"},\"image\":{\"@id\":\"https:\\\/\\\/dtk-dortmund.de\\\/index.php\\\/zuechter-und-deckrueden\\\/#primaryimage\"},\"thumbnailUrl\":\"https:\\\/\\\/dtk-dortmund.de\\\/wp-content\\\/uploads\\\/2025\\\/11\\\/Dackel-aus-dem-Hause-Hoentrop.jpg\",\"datePublished\":\"2024-02-27T09:42:24+00:00\",\"dateModified\":\"2026-02-23T15:21:30+00:00\",\"breadcrumb\":{\"@id\":\"https:\\\/\\\/dtk-dortmund.de\\\/index.php\\\/zuechter-und-deckrueden\\\/#breadcrumb\"},\"inLanguage\":\"de\",\"potentialAction\":[{\"@type\":\"ReadAction\",\"target\":[\"https:\\\/\\\/dtk-dortmund.de\\\/index.php\\\/zuechter-und-deckrueden\\\/\"]}]},{\"@type\":\"ImageObject\",\"inLanguage\":\"de\",\"@id\":\"https:\\\/\\\/dtk-dortmund.de\\\/index.php\\\/zuechter-und-deckrueden\\\/#primaryimage\",\"url\":\"https:\\\/\\\/dtk-dortmund.de\\\/wp-content\\\/uploads\\\/2025\\\/11\\\/Dackel-aus-dem-Hause-Hoentrop.jpg\",\"contentUrl\":\"https:\\\/\\\/dtk-dortmund.de\\\/wp-content\\\/uploads\\\/2025\\\/11\\\/Dackel-aus-dem-Hause-Hoentrop.jpg\",\"width\":1024,\"height\":471},{\"@type\":\"BreadcrumbList\",\"@id\":\"https:\\\/\\\/dtk-dortmund.de\\\/index.php\\\/zuechter-und-deckrueden\\\/#breadcrumb\",\"itemListElement\":[{\"@type\":\"ListItem\",\"position\":1,\"name\":\"Startseite\",\"item\":\"https:\\\/\\\/dtk-dortmund.de\\\/\"},{\"@type\":\"ListItem\",\"position\":2,\"name\":\"Z\u00fcchter und Deckr\u00fcden\"}]},{\"@type\":\"WebSite\",\"@id\":\"https:\\\/\\\/dtk-dortmund.de\\\/#website\",\"url\":\"https:\\\/\\\/dtk-dortmund.de\\\/\",\"name\":\"DTK Dortmund 1 e.V.\",\"description\":\"Gruppe Dortmund 1 e.V. im Deutschen Teckelklub. Gegr\u00fcndet 1921.\",\"publisher\":{\"@id\":\"https:\\\/\\\/dtk-dortmund.de\\\/#organization\"},\"potentialAction\":[{\"@type\":\"SearchAction\",\"target\":{\"@type\":\"EntryPoint\",\"urlTemplate\":\"https:\\\/\\\/dtk-dortmund.de\\\/?s={search_term_string}\"},\"query-input\":{\"@type\":\"PropertyValueSpecification\",\"valueRequired\":true,\"valueName\":\"search_term_string\"}}],\"inLanguage\":\"de\"},{\"@type\":\"Organization\",\"@id\":\"https:\\\/\\\/dtk-dortmund.de\\\/#organization\",\"name\":\"DTK Dortmund 1 e.V.\",\"url\":\"https:\\\/\\\/dtk-dortmund.de\\\/\",\"logo\":{\"@type\":\"ImageObject\",\"inLanguage\":\"de\",\"@id\":\"https:\\\/\\\/dtk-dortmund.de\\\/#\\\/schema\\\/logo\\\/image\\\/\",\"url\":\"https:\\\/\\\/dtk-dortmund.de\\\/wp-content\\\/uploads\\\/2023\\\/07\\\/cropped-cropped-cropped-DTKDOSymbol_250-1.png\",\"contentUrl\":\"https:\\\/\\\/dtk-dortmund.de\\\/wp-content\\\/uploads\\\/2023\\\/07\\\/cropped-cropped-cropped-DTKDOSymbol_250-1.png\",\"width\":250,\"height\":250,\"caption\":\"DTK Dortmund 1 e.V.\"},\"image\":{\"@id\":\"https:\\\/\\\/dtk-dortmund.de\\\/#\\\/schema\\\/logo\\\/image\\\/\"}}]}<\/script>\n<!-- \/ Yoast SEO plugin. -->","yoast_head_json":{"title":"Z\u00fcchter und Deckr\u00fcden - DTK Dortmund 1 e.V.","robots":{"index":"index","follow":"follow","max-snippet":"max-snippet:-1","max-image-preview":"max-image-preview:large","max-video-preview":"max-video-preview:-1"},"canonical":"https:\/\/dtk-dortmund.de\/index.php\/zuechter-und-deckrueden\/","og_locale":"de_DE","og_type":"article","og_title":"Z\u00fcchter und Deckr\u00fcden - DTK Dortmund 1 e.V.","og_description":"Z\u00fcchter unserer Gruppe: Dackel aus dem Hause H\u00f6ntrop vom rauhen Kamp vom B\u00e4ckers\u00e4ckel Deckr\u00fcden unserer Gruppe: Kalle jr. von Muhlenheim Browning vom J\u00e4gerinnenhof FCI (gen. Bosse) Diese Seite ist noch im Aufbau. Wenn ihr auch eine Seite f\u00fcr eure Teckelzucht oder Deckr\u00fcden haben m\u00f6chtet: kurze Mail an info@dtk-dortmund.de","og_url":"https:\/\/dtk-dortmund.de\/index.php\/zuechter-und-deckrueden\/","og_site_name":"DTK Dortmund 1 e.V.","article_modified_time":"2026-02-23T15:21:30+00:00","og_image":[{"width":1024,"height":471,"url":"https:\/\/dtk-dortmund.de\/wp-content\/uploads\/2025\/11\/Dackel-aus-dem-Hause-Hoentrop.jpg","type":"image\/jpeg"}],"twitter_card":"summary_large_image","twitter_misc":{"Gesch\u00e4tzte Lesezeit":"2\u00a0Minuten"},"schema":{"@context":"https:\/\/schema.org","@graph":[{"@type":"WebPage","@id":"https:\/\/dtk-dortmund.de\/index.php\/zuechter-und-deckrueden\/","url":"https:\/\/dtk-dortmund.de\/index.php\/zuechter-und-deckrueden\/","name":"Z\u00fcchter und Deckr\u00fcden - DTK Dortmund 1 e.V.","isPartOf":{"@id":"https:\/\/dtk-dortmund.de\/#website"},"primaryImageOfPage":{"@id":"https:\/\/dtk-dortmund.de\/index.php\/zuechter-und-deckrueden\/#primaryimage"},"image":{"@id":"https:\/\/dtk-dortmund.de\/index.php\/zuechter-und-deckrueden\/#primaryimage"},"thumbnailUrl":"https:\/\/dtk-dortmund.de\/wp-content\/uploads\/2025\/11\/Dackel-aus-dem-Hause-Hoentrop.jpg","datePublished":"2024-02-27T09:42:24+00:00","dateModified":"2026-02-23T15:21:30+00:00","breadcrumb":{"@id":"https:\/\/dtk-dortmund.de\/index.php\/zuechter-und-deckrueden\/#breadcrumb"},"inLanguage":"de","potentialAction":[{"@type":"ReadAction","target":["https:\/\/dtk-dortmund.de\/index.php\/zuechter-und-deckrueden\/"]}]},{"@type":"ImageObject","inLanguage":"de","@id":"https:\/\/dtk-dortmund.de\/index.php\/zuechter-und-deckrueden\/#primaryimage","url":"https:\/\/dtk-dortmund.de\/wp-content\/uploads\/2025\/11\/Dackel-aus-dem-Hause-Hoentrop.jpg","contentUrl":"https:\/\/dtk-dortmund.de\/wp-content\/uploads\/2025\/11\/Dackel-aus-dem-Hause-Hoentrop.jpg","width":1024,"height":471},{"@type":"BreadcrumbList","@id":"https:\/\/dtk-dortmund.de\/index.php\/zuechter-und-deckrueden\/#breadcrumb","itemListElement":[{"@type":"ListItem","position":1,"name":"Startseite","item":"https:\/\/dtk-dortmund.de\/"},{"@type":"ListItem","position":2,"name":"Z\u00fcchter und Deckr\u00fcden"}]},{"@type":"WebSite","@id":"https:\/\/dtk-dortmund.de\/#website","url":"https:\/\/dtk-dortmund.de\/","name":"DTK Dortmund 1 e.V.","description":"Gruppe Dortmund 1 e.V. im Deutschen Teckelklub. Gegr\u00fcndet 1921.","publisher":{"@id":"https:\/\/dtk-dortmund.de\/#organization"},"potentialAction":[{"@type":"SearchAction","target":{"@type":"EntryPoint","urlTemplate":"https:\/\/dtk-dortmund.de\/?s={search_term_string}"},"query-input":{"@type":"PropertyValueSpecification","valueRequired":true,"valueName":"search_term_string"}}],"inLanguage":"de"},{"@type":"Organization","@id":"https:\/\/dtk-dortmund.de\/#organization","name":"DTK Dortmund 1 e.V.","url":"https:\/\/dtk-dortmund.de\/","logo":{"@type":"ImageObject","inLanguage":"de","@id":"https:\/\/dtk-dortmund.de\/#\/schema\/logo\/image\/","url":"https:\/\/dtk-dortmund.de\/wp-content\/uploads\/2023\/07\/cropped-cropped-cropped-DTKDOSymbol_250-1.png","contentUrl":"https:\/\/dtk-dortmund.de\/wp-content\/uploads\/2023\/07\/cropped-cropped-cropped-DTKDOSymbol_250-1.png","width":250,"height":250,"caption":"DTK Dortmund 1 e.V."},"image":{"@id":"https:\/\/dtk-dortmund.de\/#\/schema\/logo\/image\/"}}]}},"_links":{"self":[{"href":"https:\/\/dtk-dortmund.de\/index.php\/wp-json\/wp\/v2\/pages\/2557","targetHints":{"allow":["GET"]}}],"collection":[{"href":"https:\/\/dtk-dortmund.de\/index.php\/wp-json\/wp\/v2\/pages"}],"about":[{"href":"https:\/\/dtk-dortmund.de\/index.php\/wp-json\/wp\/v2\/types\/page"}],"author":[{"embeddable":true,"href":"https:\/\/dtk-dortmund.de\/index.php\/wp-json\/wp\/v2\/users\/1"}],"replies":[{"embeddable":true,"href":"https:\/\/dtk-dortmund.de\/index.php\/wp-json\/wp\/v2\/comments?post=2557"}],"version-history":[{"count":43,"href":"https:\/\/dtk-dortmund.de\/index.php\/wp-json\/wp\/v2\/pages\/2557\/revisions"}],"predecessor-version":[{"id":4290,"href":"https:\/\/dtk-dortmund.de\/index.php\/wp-json\/wp\/v2\/pages\/2557\/revisions\/4290"}],"wp:attachment":[{"href":"https:\/\/dtk-dortmund.de\/index.php\/wp-json\/wp\/v2\/media?parent=2557"}],"curies":[{"name":"wp","href":"https:\/\/api.w.org\/{rel}","templated":true}]}}